{"id":2658,"date":"2023-07-19T12:41:33","date_gmt":"2023-07-19T12:41:33","guid":{"rendered":"https:\/\/luisfabrega.com\/index.php\/music-4\/"},"modified":"2025-03-01T23:34:03","modified_gmt":"2025-03-01T23:34:03","slug":"music-4","status":"publish","type":"page","link":"https:\/\/luisfabrega.com\/index.php\/music-4\/","title":{"rendered":"music"},"content":{"rendered":"\n    \n    <section class=\"skrollable u-clearfix u-image u-parallax u-section-2\" id=\"sec-c62b\" data-image-width=\"4333\" data-image-height=\"2146\" style=\"background-image: url(&quot;https:\/\/luisfabrega.com\/wp-content\/uploads\/2023\/07\/expand-FABREAG-FREE-blank-vinyl-record-jacket-2924018_12801-2.jpg&quot;);\">\n      <div class=\"u-clearfix u-sheet u-sheet-1\">\n        <h6 class=\"u-text u-text-default u-text-1\">-music-<\/h6>\n        <h6 class=\"u-align-center u-text u-text-2\">-compositions-<\/h6>\n      <\/div>\n    <\/section>\n    <section class=\"skrollable u-align-center-md u-align-center-sm u-align-center-xs u-clearfix u-section-3\" id=\"sec-183f\">\n      <div class=\"u-clearfix u-sheet u-sheet-1\">\n        <div class=\"u-border-1 u-border-grey-dark-1 u-line u-line-vertical u-line-1\" data-animation-name=\"customAnimationIn\" data-animation-duration=\"1000\" data-animation-delay=\"0\" data-animation-direction=\"Down\"><\/div>\n        <div class=\"u-container-style u-group u-shape-rectangle u-white u-group-1\">\n          <div class=\"u-container-layout u-container-layout-1\">\n            <h6 class=\"u-text u-text-default u-text-1\">&nbsp;SOUNDTRACK ISOLATES<\/h6>\n            <div class=\"u-clearfix u-custom-html u-custom-html-1\">\n              <style><\/style>\n              <p>\n                <iframe style=\"border-radius:12px\" src=\"https:\/\/open.spotify.com\/embed\/track\/0m7eAhE2sInJjA1P9hL4sU?utm_source=generator\" width=\"100%\" height=\"152\" frameborder=\"0\" allowfullscreen=\"\" allow=\"autoplay; clipboard-write; encrypted-media; fullscreen; picture-in-picture\" loading=\"lazy\"><\/iframe>\n              <\/p>\n            <\/div>\n            <div class=\"u-align-left u-clearfix u-custom-html u-custom-html-2\">\n              <style><\/style>\n              <p>\n                <iframe style=\"border-radius:12px\" src=\"https:\/\/open.spotify.com\/embed\/track\/4V8UguFUx6Ie3WW9nXZN6t?utm_source=generator\" width=\"100%\" height=\"152\" frameborder=\"0\" allowfullscreen=\"\" allow=\"autoplay; clipboard-write; encrypted-media; fullscreen; picture-in-picture\" loading=\"lazy\"><\/iframe>\n              <\/p>\n            <\/div>\n            <div class=\"u-clearfix u-custom-html u-custom-html-3\">\n              <style><\/style>\n              <p>\n                <iframe style=\"border-radius:12px\" src=\"https:\/\/open.spotify.com\/embed\/track\/4AITmqjrNfTxz2ktnpEBPw?utm_source=generator\" width=\"100%\" height=\"152\" frameborder=\"0\" allowfullscreen=\"\" allow=\"autoplay; clipboard-write; encrypted-media; fullscreen; picture-in-picture\" loading=\"lazy\"><\/iframe>\n              <\/p>\n            <\/div>\n          <\/div>\n        <\/div>\n        <div class=\"u-container-style u-group u-shape-rectangle u-white u-group-2\">\n          <div class=\"u-container-layout u-container-layout-2\">\n            <h6 class=\"u-hover-feature u-text u-text-default u-text-2\">comissioned soundtrack<\/h6>\n            <div class=\"u-container-style u-group u-group-3\">\n              <div class=\"u-container-layout u-container-layout-3\">\n                <div class=\"u-carousel u-expanded-width u-gallery u-gallery-slider u-layout-carousel u-no-transition u-show-text-none u-gallery-1\" data-interval=\"5000\" data-u-ride=\"carousel\" id=\"carousel-5aa0\">\n                  <ol class=\"u-absolute-hcenter u-carousel-indicators u-carousel-indicators-1\">\n                    <li data-u-target=\"#carousel-5aa0\" data-u-slide-to=\"0\" class=\"u-active u-grey-70 u-shape-circle\" style=\"width: 10px; height: 10px;\"><\/li>\n                  <\/ol>\n                  <div class=\"u-carousel-inner u-gallery-inner\" role=\"listbox\">\n                    <div class=\"u-active u-carousel-item u-gallery-item u-carousel-item-1\">\n                      <div class=\"u-back-slide\" data-image-width=\"310\" data-image-height=\"420\">\n                        <img decoding=\"async\" class=\"u-back-image u-expanded\" src=\"https:\/\/luisfabrega.com\/wp-content\/uploads\/2023\/07\/heisanaisvolpefilmposter-2.jpg\">\n                      <\/div>\n                      <div class=\"u-align-center u-over-slide u-shading u-valign-bottom u-over-slide-1\">\n                        <h3 class=\"u-gallery-heading\">T\u00edtulo de ejemplo<\/h3>\n                        <p class=\"u-gallery-text\">Texto de ejemplo<\/p>\n                      <\/div>\n                    <\/div>\n                  <\/div>\n                  <a class=\"u-absolute-vcenter u-carousel-control u-carousel-control-prev u-grey-70 u-hidden u-icon-circle u-opacity u-opacity-70 u-spacing-10 u-text-white u-carousel-control-1\" href=\"#carousel-5aa0\" role=\"button\" data-u-slide=\"prev\">\n                    <span aria-hidden=\"true\">\n                      <svg viewBox=\"0 0 451.847 451.847\"><path d=\"M97.141,225.92c0-8.095,3.091-16.192,9.259-22.366L300.689,9.27c12.359-12.359,32.397-12.359,44.751,0\nc12.354,12.354,12.354,32.388,0,44.748L173.525,225.92l171.903,171.909c12.354,12.354,12.354,32.391,0,44.744\nc-12.354,12.365-32.386,12.365-44.745,0l-194.29-194.281C100.226,242.115,97.141,234.018,97.141,225.92z\"><\/path><\/svg>\n                    <\/span>\n                    <span class=\"sr-only\">\n                      <svg viewBox=\"0 0 451.847 451.847\"><path d=\"M97.141,225.92c0-8.095,3.091-16.192,9.259-22.366L300.689,9.27c12.359-12.359,32.397-12.359,44.751,0\nc12.354,12.354,12.354,32.388,0,44.748L173.525,225.92l171.903,171.909c12.354,12.354,12.354,32.391,0,44.744\nc-12.354,12.365-32.386,12.365-44.745,0l-194.29-194.281C100.226,242.115,97.141,234.018,97.141,225.92z\"><\/path><\/svg>\n                    <\/span>\n                  <\/a>\n                  <a class=\"u-absolute-vcenter u-carousel-control u-carousel-control-next u-grey-70 u-hidden u-icon-circle u-opacity u-opacity-70 u-spacing-10 u-text-white u-carousel-control-2\" href=\"#carousel-5aa0\" role=\"button\" data-u-slide=\"next\">\n                    <span aria-hidden=\"true\">\n                      <svg viewBox=\"0 0 451.846 451.847\"><path d=\"M345.441,248.292L151.154,442.573c-12.359,12.365-32.397,12.365-44.75,0c-12.354-12.354-12.354-32.391,0-44.744\nL278.318,225.92L106.409,54.017c-12.354-12.359-12.354-32.394,0-44.748c12.354-12.359,32.391-12.359,44.75,0l194.287,194.284\nc6.177,6.18,9.262,14.271,9.262,22.366C354.708,234.018,351.617,242.115,345.441,248.292z\"><\/path><\/svg>\n                    <\/span>\n                    <span class=\"sr-only\">\n                      <svg viewBox=\"0 0 451.846 451.847\"><path d=\"M345.441,248.292L151.154,442.573c-12.359,12.365-32.397,12.365-44.75,0c-12.354-12.354-12.354-32.391,0-44.744\nL278.318,225.92L106.409,54.017c-12.354-12.359-12.354-32.394,0-44.748c12.354-12.359,32.391-12.359,44.75,0l194.287,194.284\nc6.177,6.18,9.262,14.271,9.262,22.366C354.708,234.018,351.617,242.115,345.441,248.292z\"><\/path><\/svg>\n                    <\/span>\n                  <\/a>\n                <\/div>\n                <p class=\"u-align-center u-text u-text-3\"> Film:&nbsp;<a class=\"link u-active-none u-border-none u-btn u-button-style u-hover-none u-none xXx u-btn-1\" title=\"Heis (Chroniques)\" href=\"https:\/\/www.allocine.fr\/film\/fichefilm_gen_cfilm=251011.html\">Heis (Chroniques)<\/a>\n                  <br>\n                  <br>Cinema Release :&nbsp;<a class=\"date light u-active-none u-border-none u-btn u-button-style u-hover-none u-none xXx u-btn-2\" href=\"https:\/\/www.allocine.fr\/film\/agenda\/sem-2017-04-05\/\">2017&nbsp;<\/a>|&nbsp;1h 30min | Drame<br>Director:&nbsp;<a class=\"light link u-active-none u-border-none u-btn u-button-style u-hover-none u-none xXx u-btn-3\" title=\"Ana\u00efs Volp\u00e9\" href=\"https:\/\/www.allocine.fr\/personne\/fichepersonne_gen_cpersonne=789952.html\">Ana\u00efs Volp\u00e9<\/a>\n                  <br>Cast:&nbsp;<a class=\"u-active-none u-border-none u-btn u-button-style u-hover-none u-none xXx u-btn-4\" href=\"https:\/\/www.allocine.fr\/personne\/fichepersonne_gen_cpersonne=789952.html\">Ana\u00efs Volp\u00e9<\/a>,&nbsp;<a class=\"u-active-none u-border-none u-btn u-button-style u-hover-none u-none xXx u-btn-5\" href=\"https:\/\/www.allocine.fr\/personne\/fichepersonne_gen_cpersonne=407623.html\">Matthieu Longatte<\/a>,&nbsp;<a class=\"u-active-none u-border-none u-btn u-button-style u-hover-none u-none xXx u-btn-6\" href=\"https:\/\/www.allocine.fr\/personne\/fichepersonne_gen_cpersonne=407625.html\">Emilia Derou-Bernal<\/a>\n                  <br>Music: <span style=\"font-weight: 700;\">Luis Fabrega<\/span>\n                <\/p>\n              <\/div>\n            <\/div>\n          <\/div>\n        <\/div>\n      <\/div>\n      \n    <\/section>\n    <section class=\"skrollable u-align-center-md u-align-center-sm u-align-center-xs u-clearfix u-section-4\" id=\"carousel_aede\">\n      <div class=\"u-clearfix u-sheet u-sheet-1\">\n        <div class=\"u-border-1 u-border-grey-dark-1 u-line u-line-vertical u-line-1\" data-animation-name=\"customAnimationIn\" data-animation-duration=\"1000\" data-animation-delay=\"0\" data-animation-direction=\"Down\"><\/div>\n        <div class=\"u-container-style u-group u-shape-rectangle u-white u-group-1\">\n          <div class=\"u-container-layout u-container-layout-1\">\n            <div class=\"u-clearfix u-custom-html u-custom-html-1\">\n              <style><\/style>\n              <p>\n                <iframe style=\"border-radius:12px\" src=\"https:\/\/open.spotify.com\/embed\/track\/5WGiw8Bw21dGyKpHnBoOQ0?utm_source=generator\" width=\"100%\" height=\"152\" frameborder=\"0\" allowfullscreen=\"\" allow=\"autoplay; clipboard-write; encrypted-media; fullscreen; picture-in-picture\" loading=\"lazy\"><\/iframe>\n              <\/p>\n            <\/div>\n            <div class=\"u-clearfix u-custom-html u-custom-html-2\">\n              <style><\/style>\n              <p>\n                <iframe style=\"border-radius:12px\" src=\"https:\/\/open.spotify.com\/embed\/track\/6cm3JhRpgqQmlhEYwg3H8z?utm_source=generator\" width=\"100%\" height=\"152\" frameborder=\"0\" allowfullscreen=\"\" allow=\"autoplay; clipboard-write; encrypted-media; fullscreen; picture-in-picture\" loading=\"lazy\"><\/iframe>\n              <\/p>\n            <\/div>\n            <div class=\"u-clearfix u-custom-html u-custom-html-3\">\n              <style><\/style>\n              <p>\n                <iframe style=\"border-radius:12px\" src=\"https:\/\/open.spotify.com\/embed\/track\/0EmGexz4PMldPf2V6bdqJi?utm_source=generator\" width=\"100%\" height=\"152\" frameborder=\"0\" allowfullscreen=\"\" allow=\"autoplay; clipboard-write; encrypted-media; fullscreen; picture-in-picture\" loading=\"lazy\"><\/iframe>\n              <\/p>\n            <\/div>\n          <\/div>\n        <\/div>\n        <div class=\"u-container-style u-group u-shape-rectangle u-white u-group-2\">\n          <div class=\"u-container-layout u-container-layout-2\">\n            <div class=\"u-container-style u-group u-group-3\">\n              <div class=\"u-container-layout u-valign-top u-container-layout-3\">\n                <div class=\"u-carousel u-expanded-width u-gallery u-gallery-slider u-layout-carousel u-no-transition u-show-text-none u-gallery-1\" data-interval=\"5000\" data-u-ride=\"carousel\" id=\"carousel-d5a0\">\n                  <ol class=\"u-absolute-hcenter u-carousel-indicators u-carousel-indicators-1\">\n                    <li data-u-target=\"#carousel-d5a0\" data-u-slide-to=\"0\" class=\"u-active u-grey-70 u-shape-circle\" style=\"width: 10px; height: 10px;\"><\/li>\n                  <\/ol>\n                  <div class=\"u-carousel-inner u-gallery-inner\" role=\"listbox\">\n                    <div class=\"u-active u-carousel-item u-gallery-item u-carousel-item-1\">\n                      <div class=\"u-back-slide\" data-image-width=\"310\" data-image-height=\"420\">\n                        <img decoding=\"async\" class=\"u-back-image u-expanded\" src=\"https:\/\/luisfabrega.com\/wp-content\/uploads\/2023\/07\/jeannefilm-2.jpg\">\n                      <\/div>\n                      <div class=\"u-align-center u-over-slide u-shading u-valign-bottom u-over-slide-1\">\n                        <h3 class=\"u-gallery-heading\">T\u00edtulo de ejemplo<\/h3>\n                        <p class=\"u-gallery-text\">Texto de ejemplo<\/p>\n                      <\/div>\n                    <\/div>\n                  <\/div>\n                  <a class=\"u-absolute-vcenter u-carousel-control u-carousel-control-prev u-grey-70 u-hidden u-icon-circle u-opacity u-opacity-70 u-spacing-10 u-text-white u-carousel-control-1\" href=\"#carousel-d5a0\" role=\"button\" data-u-slide=\"prev\">\n                    <span aria-hidden=\"true\">\n                      <svg viewBox=\"0 0 451.847 451.847\"><path d=\"M97.141,225.92c0-8.095,3.091-16.192,9.259-22.366L300.689,9.27c12.359-12.359,32.397-12.359,44.751,0\nc12.354,12.354,12.354,32.388,0,44.748L173.525,225.92l171.903,171.909c12.354,12.354,12.354,32.391,0,44.744\nc-12.354,12.365-32.386,12.365-44.745,0l-194.29-194.281C100.226,242.115,97.141,234.018,97.141,225.92z\"><\/path><\/svg>\n                    <\/span>\n                    <span class=\"sr-only\">\n                      <svg viewBox=\"0 0 451.847 451.847\"><path d=\"M97.141,225.92c0-8.095,3.091-16.192,9.259-22.366L300.689,9.27c12.359-12.359,32.397-12.359,44.751,0\nc12.354,12.354,12.354,32.388,0,44.748L173.525,225.92l171.903,171.909c12.354,12.354,12.354,32.391,0,44.744\nc-12.354,12.365-32.386,12.365-44.745,0l-194.29-194.281C100.226,242.115,97.141,234.018,97.141,225.92z\"><\/path><\/svg>\n                    <\/span>\n                  <\/a>\n                  <a class=\"u-absolute-vcenter u-carousel-control u-carousel-control-next u-grey-70 u-hidden u-icon-circle u-opacity u-opacity-70 u-spacing-10 u-text-white u-carousel-control-2\" href=\"#carousel-d5a0\" role=\"button\" data-u-slide=\"next\">\n                    <span aria-hidden=\"true\">\n                      <svg viewBox=\"0 0 451.846 451.847\"><path d=\"M345.441,248.292L151.154,442.573c-12.359,12.365-32.397,12.365-44.75,0c-12.354-12.354-12.354-32.391,0-44.744\nL278.318,225.92L106.409,54.017c-12.354-12.359-12.354-32.394,0-44.748c12.354-12.359,32.391-12.359,44.75,0l194.287,194.284\nc6.177,6.18,9.262,14.271,9.262,22.366C354.708,234.018,351.617,242.115,345.441,248.292z\"><\/path><\/svg>\n                    <\/span>\n                    <span class=\"sr-only\">\n                      <svg viewBox=\"0 0 451.846 451.847\"><path d=\"M345.441,248.292L151.154,442.573c-12.359,12.365-32.397,12.365-44.75,0c-12.354-12.354-12.354-32.391,0-44.744\nL278.318,225.92L106.409,54.017c-12.354-12.359-12.354-32.394,0-44.748c12.354-12.359,32.391-12.359,44.75,0l194.287,194.284\nc6.177,6.18,9.262,14.271,9.262,22.366C354.708,234.018,351.617,242.115,345.441,248.292z\"><\/path><\/svg>\n                    <\/span>\n                  <\/a>\n                <\/div>\n                <p class=\"u-align-center u-text u-text-1\"> Film:&nbsp;<a class=\"link u-active-none u-border-none u-btn u-button-link u-button-style u-hover-none u-none xXx u-btn-1\" title=\"Heis (Chroniques)\" href=\"https:\/\/www.allocine.fr\/film\/fichefilm_gen_cfilm=251011.html\"> Jeanne<\/a>\n                  <br>\n                  <br>Cinema Release :&nbsp;<a class=\"date light u-active-none u-border-none u-btn u-button-style u-hover-none u-none xXx u-btn-2\" href=\"https:\/\/www.allocine.fr\/film\/agenda\/sem-2017-04-05\/\">2015&nbsp;<\/a>|&nbsp;\u200b0h 13min | Drame&nbsp;<br>Director:&nbsp;<a class=\"light link u-active-none u-border-none u-btn u-button-style u-hover-none u-none xXx u-btn-3\" title=\"Ana\u00efs Volp\u00e9\" href=\"https:\/\/www.allocine.fr\/personne\/fichepersonne_gen_cpersonne=789952.html\"> Nicolas Khamsopha<\/a>&nbsp;<a class=\"u-active-none u-border-none u-btn u-button-style u-hover-none u-none xXx u-btn-4\" href=\"https:\/\/www.allocine.fr\/personne\/fichepersonne_gen_cpersonne=789952.html\">\n                    <span style=\"font-weight: 400;\">Cast: <\/span> Ange Basterga,&nbsp;Emilia Derou-Bernal,&nbsp;Paul Kontargyris \n                  <\/a>&nbsp;Music: <span style=\"font-weight: 700;\">Luis Fabrega<\/span>\n                <\/p>\n              <\/div>\n            <\/div>\n          <\/div>\n        <\/div>\n      <\/div>\n    <\/section>\n    <section class=\"skrollable u-align-center-md u-align-center-sm u-align-center-xs u-clearfix u-section-5\" id=\"carousel_0db5\">\n      <div class=\"u-clearfix u-sheet u-sheet-1\">\n        <div class=\"u-border-1 u-border-grey-dark-1 u-line u-line-vertical u-line-1\" data-animation-name=\"customAnimationIn\" data-animation-duration=\"1000\" data-animation-delay=\"0\" data-animation-direction=\"Down\"><\/div>\n        <div class=\"u-container-style u-group u-shape-rectangle u-white u-group-1\">\n          <div class=\"u-container-layout u-container-layout-1\">\n            <div class=\"u-container-style u-group u-group-2\">\n              <div class=\"u-container-layout u-valign-top u-container-layout-2\">\n                <div class=\"u-carousel u-expanded-width u-gallery u-gallery-slider u-layout-carousel u-no-transition u-show-text-none u-gallery-1\" data-interval=\"5000\" data-u-ride=\"carousel\" id=\"carousel-26bb\">\n                  <ol class=\"u-absolute-hcenter u-carousel-indicators u-carousel-indicators-1\">\n                    <li data-u-target=\"#carousel-26bb\" data-u-slide-to=\"0\" class=\"u-active u-grey-70 u-shape-circle\" style=\"width: 10px; height: 10px;\"><\/li>\n                  <\/ol>\n                  <div class=\"u-carousel-inner u-gallery-inner\" role=\"listbox\">\n                    <div class=\"u-active u-carousel-item u-gallery-item u-carousel-item-1\">\n                      <div class=\"u-back-slide\" data-image-width=\"1272\" data-image-height=\"1800\">\n                        <img decoding=\"async\" class=\"u-back-image u-expanded\" src=\"https:\/\/luisfabrega.com\/wp-content\/uploads\/2023\/07\/NicolasKhamsophajoyeuxanniversaire-2.jpg\">\n                      <\/div>\n                      <div class=\"u-align-center u-over-slide u-shading u-valign-bottom u-over-slide-1\">\n                        <h3 class=\"u-gallery-heading\">T\u00edtulo de ejemplo<\/h3>\n                        <p class=\"u-gallery-text\">Texto de ejemplo<\/p>\n                      <\/div>\n                    <\/div>\n                  <\/div>\n                  <a class=\"u-absolute-vcenter u-carousel-control u-carousel-control-prev u-grey-70 u-hidden u-icon-circle u-opacity u-opacity-70 u-spacing-10 u-text-white u-carousel-control-1\" href=\"#carousel-26bb\" role=\"button\" data-u-slide=\"prev\">\n                    <span aria-hidden=\"true\">\n                      <svg viewBox=\"0 0 451.847 451.847\"><path d=\"M97.141,225.92c0-8.095,3.091-16.192,9.259-22.366L300.689,9.27c12.359-12.359,32.397-12.359,44.751,0\nc12.354,12.354,12.354,32.388,0,44.748L173.525,225.92l171.903,171.909c12.354,12.354,12.354,32.391,0,44.744\nc-12.354,12.365-32.386,12.365-44.745,0l-194.29-194.281C100.226,242.115,97.141,234.018,97.141,225.92z\"><\/path><\/svg>\n                    <\/span>\n                    <span class=\"sr-only\">\n                      <svg viewBox=\"0 0 451.847 451.847\"><path d=\"M97.141,225.92c0-8.095,3.091-16.192,9.259-22.366L300.689,9.27c12.359-12.359,32.397-12.359,44.751,0\nc12.354,12.354,12.354,32.388,0,44.748L173.525,225.92l171.903,171.909c12.354,12.354,12.354,32.391,0,44.744\nc-12.354,12.365-32.386,12.365-44.745,0l-194.29-194.281C100.226,242.115,97.141,234.018,97.141,225.92z\"><\/path><\/svg>\n                    <\/span>\n                  <\/a>\n                  <a class=\"u-absolute-vcenter u-carousel-control u-carousel-control-next u-grey-70 u-hidden u-icon-circle u-opacity u-opacity-70 u-spacing-10 u-text-white u-carousel-control-2\" href=\"#carousel-26bb\" role=\"button\" data-u-slide=\"next\">\n                    <span aria-hidden=\"true\">\n                      <svg viewBox=\"0 0 451.846 451.847\"><path d=\"M345.441,248.292L151.154,442.573c-12.359,12.365-32.397,12.365-44.75,0c-12.354-12.354-12.354-32.391,0-44.744\nL278.318,225.92L106.409,54.017c-12.354-12.359-12.354-32.394,0-44.748c12.354-12.359,32.391-12.359,44.75,0l194.287,194.284\nc6.177,6.18,9.262,14.271,9.262,22.366C354.708,234.018,351.617,242.115,345.441,248.292z\"><\/path><\/svg>\n                    <\/span>\n                    <span class=\"sr-only\">\n                      <svg viewBox=\"0 0 451.846 451.847\"><path d=\"M345.441,248.292L151.154,442.573c-12.359,12.365-32.397,12.365-44.75,0c-12.354-12.354-12.354-32.391,0-44.744\nL278.318,225.92L106.409,54.017c-12.354-12.359-12.354-32.394,0-44.748c12.354-12.359,32.391-12.359,44.75,0l194.287,194.284\nc6.177,6.18,9.262,14.271,9.262,22.366C354.708,234.018,351.617,242.115,345.441,248.292z\"><\/path><\/svg>\n                    <\/span>\n                  <\/a>\n                <\/div>\n                <p class=\"u-align-center u-text u-text-1\"> Film:&nbsp;<a class=\"link u-active-none u-border-none u-btn u-button-link u-button-style u-hover-none u-none xXx u-btn-1\" title=\"Heis (Chroniques)\" href=\"https:\/\/www.allocine.fr\/film\/fichefilm_gen_cfilm=251011.html\"> Joyeux Anniversaire<\/a>\n                  <br>\n                  <br>Cinema Release :&nbsp;<a class=\"date light u-active-none u-border-none u-btn u-button-style u-hover-none u-none xXx u-btn-2\" href=\"https:\/\/www.allocine.fr\/film\/agenda\/sem-2017-04-05\/\">2016&nbsp;<\/a>|&nbsp;\u200b\u200b0h 23min | Drame&nbsp;<br>Director:&nbsp;<a class=\"light link u-active-none u-border-none u-btn u-button-style u-hover-none u-none xXx u-btn-3\" title=\"Ana\u00efs Volp\u00e9\" href=\"https:\/\/www.allocine.fr\/personne\/fichepersonne_gen_cpersonne=789952.html\"> Nicolas Khamsopha<\/a>&nbsp;<a class=\"u-active-none u-border-none u-btn u-button-style u-hover-none u-none xXx u-btn-4\" href=\"https:\/\/www.allocine.fr\/personne\/fichepersonne_gen_cpersonne=789952.html\">\n                    <span style=\"font-weight: 400;\">Cast: <\/span> Paul Contargyris,&nbsp;Bernard Blancan,&nbsp;S\u00e9verine Berthelot \n                  <\/a>&nbsp;Music: <span style=\"font-weight: 700;\">Luis Fabrega<\/span>\n                <\/p>\n              <\/div>\n            <\/div>\n          <\/div>\n        <\/div>\n      <\/div>\n    <\/section>\n    \n    \n    \n  \n","protected":false},"excerpt":{"rendered":"<p>-music- -compositions- &nbsp;SOUNDTRACK ISOLATES comissioned soundtrack T\u00edtulo de ejemplo Texto de ejemplo Film:&nbsp;Heis (Chroniques) Cinema Release :&nbsp;2017&nbsp;|&nbsp;1h 30min | DrameDirector:&nbsp;Ana\u00efs Volp\u00e9 Cast:&nbsp;Ana\u00efs Volp\u00e9,&nbsp;Matthieu Longatte,&nbsp;Emilia Derou-Bernal Music: Luis Fabrega T\u00edtulo de ejemplo Texto de ejemplo Film:&nbsp; Jeanne Cinema Release :&nbsp;2015&nbsp;|&nbsp;\u200b0h 13min | Drame&nbsp;Director:&nbsp; Nicolas Khamsopha&nbsp; Cast: Ange Basterga,&nbsp;Emilia Derou-Bernal,&nbsp;Paul Kontargyris &nbsp;Music: Luis Fabrega T\u00edtulo de ejemplo &hellip; <a href=\"https:\/\/luisfabrega.com\/index.php\/music-4\/\" class=\"more-link\">Continue reading<span class=\"screen-reader-text\"> \u00abmusic\u00bb<\/span><\/a><\/p>\n","protected":false},"author":1,"featured_media":0,"parent":0,"menu_order":2,"comment_status":"closed","ping_status":"closed","template":"","meta":{"om_disable_all_campaigns":false,"_monsterinsights_skip_tracking":false,"_monsterinsights_sitenote_active":false,"_monsterinsights_sitenote_note":"","_monsterinsights_sitenote_category":0,"footnotes":""},"class_list":["post-2658","page","type-page","status-publish","hentry"],"aioseo_notices":[],"_links":{"self":[{"href":"https:\/\/luisfabrega.com\/index.php\/wp-json\/wp\/v2\/pages\/2658","targetHints":{"allow":["GET"]}}],"collection":[{"href":"https:\/\/luisfabrega.com\/index.php\/wp-json\/wp\/v2\/pages"}],"about":[{"href":"https:\/\/luisfabrega.com\/index.php\/wp-json\/wp\/v2\/types\/page"}],"author":[{"embeddable":true,"href":"https:\/\/luisfabrega.com\/index.php\/wp-json\/wp\/v2\/users\/1"}],"replies":[{"embeddable":true,"href":"https:\/\/luisfabrega.com\/index.php\/wp-json\/wp\/v2\/comments?post=2658"}],"version-history":[{"count":2,"href":"https:\/\/luisfabrega.com\/index.php\/wp-json\/wp\/v2\/pages\/2658\/revisions"}],"predecessor-version":[{"id":4029,"href":"https:\/\/luisfabrega.com\/index.php\/wp-json\/wp\/v2\/pages\/2658\/revisions\/4029"}],"wp:attachment":[{"href":"https:\/\/luisfabrega.com\/index.php\/wp-json\/wp\/v2\/media?parent=2658"}],"curies":[{"name":"wp","href":"https:\/\/api.w.org\/{rel}","templated":true}]}}